{"id":34,"date":"2019-11-21T08:45:41","date_gmt":"2019-11-21T07:45:41","guid":{"rendered":"https:\/\/www.bozieslovo.eu\/?page_id=34"},"modified":"2025-11-08T10:03:17","modified_gmt":"2025-11-08T09:03:17","slug":"domov","status":"publish","type":"page","link":"https:\/\/www.bozieslovo.eu\/","title":{"rendered":"Domov"},"content":{"rendered":"\t\t<div data-elementor-type=\"wp-page\" data-elementor-id=\"34\" class=\"elementor elementor-34\">\n\t\t\t\t\t\t<section class=\"elementor-section elementor-top-section elementor-element elementor-element-6993804 elementor-section-boxed elementor-section-height-default elementor-section-height-default\" data-id=\"6993804\" data-element_type=\"section\" data-e-type=\"section\">\n\t\t\t\t\t\t\t<div class=\"elementor-background-overlay\"><\/div>\n\t\t\t\t\t\t\t<div class=\"elementor-container elementor-column-gap-default\">\n\t\t\t\t\t<div class=\"elementor-column elementor-col-33 elementor-top-column elementor-element elementor-element-482e5f3\" data-id=\"482e5f3\" data-element_type=\"column\" data-e-type=\"column\" data-settings=\"{&quot;animation&quot;:&quot;none&quot;}\">\n\t\t\t<div class=\"elementor-widget-wrap elementor-element-populated\">\n\t\t\t\t\t\t<div class=\"elementor-element elementor-element-9e86bb7 elementor-position-top elementor-widget elementor-widget-image-box\" data-id=\"9e86bb7\" data-element_type=\"widget\" data-e-type=\"widget\" data-widget_type=\"image-box.default\">\n\t\t\t\t<div class=\"elementor-widget-container\">\n\t\t\t\t\t<div class=\"elementor-image-box-wrapper\"><figure class=\"elementor-image-box-img\"><a href=\"https:\/\/www.bozieslovo.eu\/?page_id=708\" tabindex=\"-1\"><img fetchpriority=\"high\" decoding=\"async\" width=\"1234\" height=\"814\" src=\"https:\/\/www.bozieslovo.eu\/wp-content\/uploads\/2024\/12\/1.png\" class=\"elementor-animation-grow attachment-full size-full wp-image-774\" alt=\"\" srcset=\"https:\/\/www.bozieslovo.eu\/wp-content\/uploads\/2024\/12\/1.png 1234w, https:\/\/www.bozieslovo.eu\/wp-content\/uploads\/2024\/12\/1-300x198.png 300w, https:\/\/www.bozieslovo.eu\/wp-content\/uploads\/2024\/12\/1-700x462.png 700w, https:\/\/www.bozieslovo.eu\/wp-content\/uploads\/2024\/12\/1-768x507.png 768w, https:\/\/www.bozieslovo.eu\/wp-content\/uploads\/2024\/12\/1-1200x792.png 1200w\" sizes=\"(max-width: 1234px) 100vw, 1234px\" \/><\/a><\/figure><\/div>\t\t\t\t<\/div>\n\t\t\t\t<\/div>\n\t\t\t\t\t<\/div>\n\t\t<\/div>\n\t\t\t\t<div class=\"elementor-column elementor-col-33 elementor-top-column elementor-element elementor-element-e96abe7\" data-id=\"e96abe7\" data-element_type=\"column\" data-e-type=\"column\">\n\t\t\t<div class=\"elementor-widget-wrap elementor-element-populated\">\n\t\t\t\t\t\t<div class=\"elementor-element elementor-element-81099fe elementor-position-top elementor-widget elementor-widget-image-box\" data-id=\"81099fe\" data-element_type=\"widget\" data-e-type=\"widget\" data-widget_type=\"image-box.default\">\n\t\t\t\t<div class=\"elementor-widget-container\">\n\t\t\t\t\t<div class=\"elementor-image-box-wrapper\"><figure class=\"elementor-image-box-img\"><a href=\"https:\/\/www.bozieslovo.eu\/?page_id=2\" tabindex=\"-1\"><img decoding=\"async\" width=\"1258\" height=\"807\" src=\"https:\/\/www.bozieslovo.eu\/wp-content\/uploads\/2024\/12\/1-\u2013-k\u00f3pia.png\" class=\"elementor-animation-grow attachment-full size-full wp-image-775\" alt=\"\" srcset=\"https:\/\/www.bozieslovo.eu\/wp-content\/uploads\/2024\/12\/1-\u2013-k\u00f3pia.png 1258w, https:\/\/www.bozieslovo.eu\/wp-content\/uploads\/2024\/12\/1-\u2013-k\u00f3pia-300x192.png 300w, https:\/\/www.bozieslovo.eu\/wp-content\/uploads\/2024\/12\/1-\u2013-k\u00f3pia-700x449.png 700w, https:\/\/www.bozieslovo.eu\/wp-content\/uploads\/2024\/12\/1-\u2013-k\u00f3pia-768x493.png 768w, https:\/\/www.bozieslovo.eu\/wp-content\/uploads\/2024\/12\/1-\u2013-k\u00f3pia-1200x770.png 1200w\" sizes=\"(max-width: 1258px) 100vw, 1258px\" \/><\/a><\/figure><\/div>\t\t\t\t<\/div>\n\t\t\t\t<\/div>\n\t\t\t\t\t<\/div>\n\t\t<\/div>\n\t\t\t\t<div class=\"elementor-column elementor-col-33 elementor-top-column elementor-element elementor-element-12c8d6f\" data-id=\"12c8d6f\" data-element_type=\"column\" data-e-type=\"column\">\n\t\t\t<div class=\"elementor-widget-wrap elementor-element-populated\">\n\t\t\t\t\t\t<div class=\"elementor-element elementor-element-3c44c75 elementor-position-top elementor-widget elementor-widget-image-box\" data-id=\"3c44c75\" data-element_type=\"widget\" data-e-type=\"widget\" data-widget_type=\"image-box.default\">\n\t\t\t\t<div class=\"elementor-widget-container\">\n\t\t\t\t\t<div class=\"elementor-image-box-wrapper\"><figure class=\"elementor-image-box-img\"><a href=\"https:\/\/www.bozieslovo.eu\/?page_id=223\" tabindex=\"-1\"><img decoding=\"async\" width=\"1231\" height=\"807\" src=\"https:\/\/www.bozieslovo.eu\/wp-content\/uploads\/2024\/12\/2.png\" class=\"elementor-animation-grow attachment-full size-full wp-image-776\" alt=\"\" srcset=\"https:\/\/www.bozieslovo.eu\/wp-content\/uploads\/2024\/12\/2.png 1231w, https:\/\/www.bozieslovo.eu\/wp-content\/uploads\/2024\/12\/2-300x197.png 300w, https:\/\/www.bozieslovo.eu\/wp-content\/uploads\/2024\/12\/2-700x459.png 700w, https:\/\/www.bozieslovo.eu\/wp-content\/uploads\/2024\/12\/2-768x503.png 768w, https:\/\/www.bozieslovo.eu\/wp-content\/uploads\/2024\/12\/2-1200x787.png 1200w\" sizes=\"(max-width: 1231px) 100vw, 1231px\" \/><\/a><\/figure><\/div>\t\t\t\t<\/div>\n\t\t\t\t<\/div>\n\t\t\t\t\t<\/div>\n\t\t<\/div>\n\t\t\t\t\t<\/div>\n\t\t<\/section>\n\t\t\t\t<section class=\"elementor-section elementor-top-section elementor-element elementor-element-1bcdc271 elementor-section-content-middle elementor-section-boxed elementor-section-height-default elementor-section-height-default\" data-id=\"1bcdc271\" data-element_type=\"section\" data-e-type=\"section\">\n\t\t\t\t\t\t\t<div class=\"elementor-background-overlay\"><\/div>\n\t\t\t\t\t\t\t<div class=\"elementor-container elementor-column-gap-no\">\n\t\t\t\t\t<div class=\"elementor-column elementor-col-100 elementor-top-column elementor-element elementor-element-3aa9013c\" data-id=\"3aa9013c\" data-element_type=\"column\" data-e-type=\"column\">\n\t\t\t<div class=\"elementor-widget-wrap elementor-element-populated\">\n\t\t\t\t\t\t<div class=\"elementor-element elementor-element-6f640980 elementor-widget elementor-widget-heading\" data-id=\"6f640980\" data-element_type=\"widget\" data-e-type=\"widget\" data-widget_type=\"heading.default\">\n\t\t\t\t<div class=\"elementor-widget-container\">\n\t\t\t\t\t<h2 class=\"elementor-heading-title elementor-size-default\"><i>V\u0161etko je zadarmo!<\/i><\/h2>\t\t\t\t<\/div>\n\t\t\t\t<\/div>\n\t\t\t\t<div class=\"elementor-element elementor-element-493d9248 elementor-widget elementor-widget-text-editor\" data-id=\"493d9248\" data-element_type=\"widget\" data-e-type=\"widget\" data-widget_type=\"text-editor.default\">\n\t\t\t\t<div class=\"elementor-widget-container\">\n\t\t\t\t\t\t\t\t\t<h2><i>Cho\u010fte a hl\u00e1sajte: &#8222;Pribl\u00ed\u017eilo sa nebesk\u00e9 kr\u00e1\u013eovstvo.&#8220; Nemocn\u00fdch uzdravujte, malomocn\u00fdch o\u010dis\u0165ujte, m\u0155tvych krieste, d\u00e9monov vyh\u00e1\u0148ajte; zadarmo ste dostali, zadarmo dajte.\u00a0 \u00a0 \u00a0 \u00a0 \u00a0 \u00a0 \u00a0 \u00a0 \u00a0 \u00a0 \u00a0 \u00a0 \u00a0 \u00a0 \u00a0 \u00a0 \u00a0 \u00a0 \u00a0 \u00a0 \u00a0 \u00a0 \u00a0 \u00a0 \u00a0 \u00a0 \u00a0 \u00a0 \u00a0 \u00a0 \u00a0 \u00a0 \u00a0<\/i><i>Evanjelium Mat\u00fa\u0161a 10. 7 &#8211; 8<\/i><\/h2>\t\t\t\t\t\t\t\t<\/div>\n\t\t\t\t<\/div>\n\t\t\t\t\t<\/div>\n\t\t<\/div>\n\t\t\t\t\t<\/div>\n\t\t<\/section>\n\t\t\t\t<\/div>\n\t\t","protected":false},"excerpt":{"rendered":"<p>V\u0161etko je zadarmo! Cho\u010fte a hl\u00e1sajte: &#8222;Pribl\u00ed\u017eilo sa nebesk\u00e9 kr\u00e1\u013eovstvo.&#8220; Nemocn\u00fdch uzdravujte, malomocn\u00fdch o\u010dis\u0165ujte, m\u0155tvych krieste, d\u00e9monov vyh\u00e1\u0148ajte; zadarmo ste dostali, zadarmo dajte.\u00a0 \u00a0 \u00a0 \u00a0 \u00a0 \u00a0 \u00a0 \u00a0 \u00a0 \u00a0 \u00a0 \u00a0 \u00a0 \u00a0 \u00a0 \u00a0 \u00a0 \u00a0 \u00a0 \u00a0 \u00a0 \u00a0 \u00a0 \u00a0 \u00a0 \u00a0 \u00a0 \u00a0&hellip;<\/p>\n<p class=\"more-link-wrapper\"><a class=\"more-link\" href=\"https:\/\/www.bozieslovo.eu\/\"><span class=\"fa fa-mail-forward read-more-icon\"><\/span><span class=\"screen-reader-text\">Read More<\/span><\/a><\/p>\n","protected":false},"author":1,"featured_media":0,"parent":0,"menu_order":0,"comment_status":"closed","ping_status":"closed","template":"","meta":{"_monsterinsights_skip_tracking":false,"_monsterinsights_sitenote_active":false,"_monsterinsights_sitenote_note":"","_monsterinsights_sitenote_category":0,"footnotes":""},"class_list":["post-34","page","type-page","status-publish","hentry"],"yoast_head":"<!-- This site is optimized with the Yoast SEO plugin v27.4 - https:\/\/yoast.com\/product\/yoast-seo-wordpress\/ -->\n<title>Domov - Bo\u017eie Slovo<\/title>\n<meta name=\"robots\" content=\"index, follow, max-snippet:-1, max-image-preview:large, max-video-preview:-1\" \/>\n<link rel=\"canonical\" href=\"https:\/\/www.bozieslovo.eu\/\" \/>\n<meta property=\"og:locale\" content=\"sk_SK\" \/>\n<meta property=\"og:type\" content=\"article\" \/>\n<meta property=\"og:title\" content=\"Domov - Bo\u017eie Slovo\" \/>\n<meta property=\"og:description\" content=\"V\u0161etko je zadarmo! Cho\u010fte a hl\u00e1sajte: &#8222;Pribl\u00ed\u017eilo sa nebesk\u00e9 kr\u00e1\u013eovstvo.&#8220; Nemocn\u00fdch uzdravujte, malomocn\u00fdch o\u010dis\u0165ujte, m\u0155tvych krieste, d\u00e9monov vyh\u00e1\u0148ajte; zadarmo ste dostali, zadarmo dajte.\u00a0 \u00a0 \u00a0 \u00a0 \u00a0 \u00a0 \u00a0 \u00a0 \u00a0 \u00a0 \u00a0 \u00a0 \u00a0 \u00a0 \u00a0 \u00a0 \u00a0 \u00a0 \u00a0 \u00a0 \u00a0 \u00a0 \u00a0 \u00a0 \u00a0 \u00a0 \u00a0 \u00a0&hellip;Read More\" \/>\n<meta property=\"og:url\" content=\"https:\/\/www.bozieslovo.eu\/\" \/>\n<meta property=\"og:site_name\" content=\"Bo\u017eie Slovo\" \/>\n<meta property=\"article:modified_time\" content=\"2025-11-08T09:03:17+00:00\" \/>\n<meta property=\"og:image\" content=\"https:\/\/www.bozieslovo.eu\/wp-content\/uploads\/2024\/12\/1.png\" \/>\n\t<meta property=\"og:image:width\" content=\"1234\" \/>\n\t<meta property=\"og:image:height\" content=\"814\" \/>\n\t<meta property=\"og:image:type\" content=\"image\/png\" \/>\n<meta name=\"twitter:card\" content=\"summary_large_image\" \/>\n<meta name=\"twitter:label1\" content=\"Predpokladan\u00fd \u010das \u010d\u00edtania\" \/>\n\t<meta name=\"twitter:data1\" content=\"1 min\u00fata\" \/>\n<script type=\"application\/ld+json\" class=\"yoast-schema-graph\">{\"@context\":\"https:\\\/\\\/schema.org\",\"@graph\":[{\"@type\":\"WebPage\",\"@id\":\"https:\\\/\\\/www.bozieslovo.eu\\\/\",\"url\":\"https:\\\/\\\/www.bozieslovo.eu\\\/\",\"name\":\"Domov - Bo\u017eie Slovo\",\"isPartOf\":{\"@id\":\"https:\\\/\\\/www.bozieslovo.eu\\\/#website\"},\"primaryImageOfPage\":{\"@id\":\"https:\\\/\\\/www.bozieslovo.eu\\\/#primaryimage\"},\"image\":{\"@id\":\"https:\\\/\\\/www.bozieslovo.eu\\\/#primaryimage\"},\"thumbnailUrl\":\"https:\\\/\\\/www.bozieslovo.eu\\\/wp-content\\\/uploads\\\/2024\\\/12\\\/1.png\",\"datePublished\":\"2019-11-21T07:45:41+00:00\",\"dateModified\":\"2025-11-08T09:03:17+00:00\",\"breadcrumb\":{\"@id\":\"https:\\\/\\\/www.bozieslovo.eu\\\/#breadcrumb\"},\"inLanguage\":\"sk-SK\",\"potentialAction\":[{\"@type\":\"ReadAction\",\"target\":[\"https:\\\/\\\/www.bozieslovo.eu\\\/\"]}]},{\"@type\":\"ImageObject\",\"inLanguage\":\"sk-SK\",\"@id\":\"https:\\\/\\\/www.bozieslovo.eu\\\/#primaryimage\",\"url\":\"https:\\\/\\\/www.bozieslovo.eu\\\/wp-content\\\/uploads\\\/2024\\\/12\\\/1.png\",\"contentUrl\":\"https:\\\/\\\/www.bozieslovo.eu\\\/wp-content\\\/uploads\\\/2024\\\/12\\\/1.png\",\"width\":1234,\"height\":814},{\"@type\":\"BreadcrumbList\",\"@id\":\"https:\\\/\\\/www.bozieslovo.eu\\\/#breadcrumb\",\"itemListElement\":[{\"@type\":\"ListItem\",\"position\":1,\"name\":\"Home\",\"item\":\"https:\\\/\\\/www.bozieslovo.eu\\\/\"},{\"@type\":\"ListItem\",\"position\":2,\"name\":\"Domov\"}]},{\"@type\":\"WebSite\",\"@id\":\"https:\\\/\\\/www.bozieslovo.eu\\\/#website\",\"url\":\"https:\\\/\\\/www.bozieslovo.eu\\\/\",\"name\":\"Bo\u017eie Slovo\",\"description\":\"V\u0161eobecn\u00e1 apo\u0161tolsk\u00e1 cirkev\",\"publisher\":{\"@id\":\"https:\\\/\\\/www.bozieslovo.eu\\\/#organization\"},\"potentialAction\":[{\"@type\":\"SearchAction\",\"target\":{\"@type\":\"EntryPoint\",\"urlTemplate\":\"https:\\\/\\\/www.bozieslovo.eu\\\/?s={search_term_string}\"},\"query-input\":{\"@type\":\"PropertyValueSpecification\",\"valueRequired\":true,\"valueName\":\"search_term_string\"}}],\"inLanguage\":\"sk-SK\"},{\"@type\":\"Organization\",\"@id\":\"https:\\\/\\\/www.bozieslovo.eu\\\/#organization\",\"name\":\"Bo\u017eie Slovo\",\"url\":\"https:\\\/\\\/www.bozieslovo.eu\\\/\",\"logo\":{\"@type\":\"ImageObject\",\"inLanguage\":\"sk-SK\",\"@id\":\"https:\\\/\\\/www.bozieslovo.eu\\\/#\\\/schema\\\/logo\\\/image\\\/\",\"url\":\"https:\\\/\\\/www.bozieslovo.eu\\\/wp-content\\\/uploads\\\/2025\\\/03\\\/cropped-bo\u017eie-slovo-1.png\",\"contentUrl\":\"https:\\\/\\\/www.bozieslovo.eu\\\/wp-content\\\/uploads\\\/2025\\\/03\\\/cropped-bo\u017eie-slovo-1.png\",\"width\":250,\"height\":258,\"caption\":\"Bo\u017eie Slovo\"},\"image\":{\"@id\":\"https:\\\/\\\/www.bozieslovo.eu\\\/#\\\/schema\\\/logo\\\/image\\\/\"}}]}<\/script>\n<!-- \/ Yoast SEO plugin. -->","yoast_head_json":{"title":"Domov - Bo\u017eie Slovo","robots":{"index":"index","follow":"follow","max-snippet":"max-snippet:-1","max-image-preview":"max-image-preview:large","max-video-preview":"max-video-preview:-1"},"canonical":"https:\/\/www.bozieslovo.eu\/","og_locale":"sk_SK","og_type":"article","og_title":"Domov - Bo\u017eie Slovo","og_description":"V\u0161etko je zadarmo! Cho\u010fte a hl\u00e1sajte: &#8222;Pribl\u00ed\u017eilo sa nebesk\u00e9 kr\u00e1\u013eovstvo.&#8220; Nemocn\u00fdch uzdravujte, malomocn\u00fdch o\u010dis\u0165ujte, m\u0155tvych krieste, d\u00e9monov vyh\u00e1\u0148ajte; zadarmo ste dostali, zadarmo dajte.\u00a0 \u00a0 \u00a0 \u00a0 \u00a0 \u00a0 \u00a0 \u00a0 \u00a0 \u00a0 \u00a0 \u00a0 \u00a0 \u00a0 \u00a0 \u00a0 \u00a0 \u00a0 \u00a0 \u00a0 \u00a0 \u00a0 \u00a0 \u00a0 \u00a0 \u00a0 \u00a0 \u00a0&hellip;Read More","og_url":"https:\/\/www.bozieslovo.eu\/","og_site_name":"Bo\u017eie Slovo","article_modified_time":"2025-11-08T09:03:17+00:00","og_image":[{"width":1234,"height":814,"url":"https:\/\/www.bozieslovo.eu\/wp-content\/uploads\/2024\/12\/1.png","type":"image\/png"}],"twitter_card":"summary_large_image","twitter_misc":{"Predpokladan\u00fd \u010das \u010d\u00edtania":"1 min\u00fata"},"schema":{"@context":"https:\/\/schema.org","@graph":[{"@type":"WebPage","@id":"https:\/\/www.bozieslovo.eu\/","url":"https:\/\/www.bozieslovo.eu\/","name":"Domov - Bo\u017eie Slovo","isPartOf":{"@id":"https:\/\/www.bozieslovo.eu\/#website"},"primaryImageOfPage":{"@id":"https:\/\/www.bozieslovo.eu\/#primaryimage"},"image":{"@id":"https:\/\/www.bozieslovo.eu\/#primaryimage"},"thumbnailUrl":"https:\/\/www.bozieslovo.eu\/wp-content\/uploads\/2024\/12\/1.png","datePublished":"2019-11-21T07:45:41+00:00","dateModified":"2025-11-08T09:03:17+00:00","breadcrumb":{"@id":"https:\/\/www.bozieslovo.eu\/#breadcrumb"},"inLanguage":"sk-SK","potentialAction":[{"@type":"ReadAction","target":["https:\/\/www.bozieslovo.eu\/"]}]},{"@type":"ImageObject","inLanguage":"sk-SK","@id":"https:\/\/www.bozieslovo.eu\/#primaryimage","url":"https:\/\/www.bozieslovo.eu\/wp-content\/uploads\/2024\/12\/1.png","contentUrl":"https:\/\/www.bozieslovo.eu\/wp-content\/uploads\/2024\/12\/1.png","width":1234,"height":814},{"@type":"BreadcrumbList","@id":"https:\/\/www.bozieslovo.eu\/#breadcrumb","itemListElement":[{"@type":"ListItem","position":1,"name":"Home","item":"https:\/\/www.bozieslovo.eu\/"},{"@type":"ListItem","position":2,"name":"Domov"}]},{"@type":"WebSite","@id":"https:\/\/www.bozieslovo.eu\/#website","url":"https:\/\/www.bozieslovo.eu\/","name":"Bo\u017eie Slovo","description":"V\u0161eobecn\u00e1 apo\u0161tolsk\u00e1 cirkev","publisher":{"@id":"https:\/\/www.bozieslovo.eu\/#organization"},"potentialAction":[{"@type":"SearchAction","target":{"@type":"EntryPoint","urlTemplate":"https:\/\/www.bozieslovo.eu\/?s={search_term_string}"},"query-input":{"@type":"PropertyValueSpecification","valueRequired":true,"valueName":"search_term_string"}}],"inLanguage":"sk-SK"},{"@type":"Organization","@id":"https:\/\/www.bozieslovo.eu\/#organization","name":"Bo\u017eie Slovo","url":"https:\/\/www.bozieslovo.eu\/","logo":{"@type":"ImageObject","inLanguage":"sk-SK","@id":"https:\/\/www.bozieslovo.eu\/#\/schema\/logo\/image\/","url":"https:\/\/www.bozieslovo.eu\/wp-content\/uploads\/2025\/03\/cropped-bo\u017eie-slovo-1.png","contentUrl":"https:\/\/www.bozieslovo.eu\/wp-content\/uploads\/2025\/03\/cropped-bo\u017eie-slovo-1.png","width":250,"height":258,"caption":"Bo\u017eie Slovo"},"image":{"@id":"https:\/\/www.bozieslovo.eu\/#\/schema\/logo\/image\/"}}]}},"_links":{"self":[{"href":"https:\/\/www.bozieslovo.eu\/index.php?rest_route=\/wp\/v2\/pages\/34","targetHints":{"allow":["GET"]}}],"collection":[{"href":"https:\/\/www.bozieslovo.eu\/index.php?rest_route=\/wp\/v2\/pages"}],"about":[{"href":"https:\/\/www.bozieslovo.eu\/index.php?rest_route=\/wp\/v2\/types\/page"}],"author":[{"embeddable":true,"href":"https:\/\/www.bozieslovo.eu\/index.php?rest_route=\/wp\/v2\/users\/1"}],"replies":[{"embeddable":true,"href":"https:\/\/www.bozieslovo.eu\/index.php?rest_route=%2Fwp%2Fv2%2Fcomments&post=34"}],"version-history":[{"count":6,"href":"https:\/\/www.bozieslovo.eu\/index.php?rest_route=\/wp\/v2\/pages\/34\/revisions"}],"predecessor-version":[{"id":2317,"href":"https:\/\/www.bozieslovo.eu\/index.php?rest_route=\/wp\/v2\/pages\/34\/revisions\/2317"}],"wp:attachment":[{"href":"https:\/\/www.bozieslovo.eu\/index.php?rest_route=%2Fwp%2Fv2%2Fmedia&parent=34"}],"curies":[{"name":"wp","href":"https:\/\/api.w.org\/{rel}","templated":true}]}}