{"id":7,"date":"2019-11-20T15:53:02","date_gmt":"2019-11-20T14:53:02","guid":{"rendered":"https:\/\/www.bozieslovo.eu\/?page_id=7"},"modified":"2026-02-02T20:08:32","modified_gmt":"2026-02-02T19:08:32","slug":"7-2","status":"publish","type":"page","link":"https:\/\/www.bozieslovo.eu\/?page_id=7","title":{"rendered":"Kontakty"},"content":{"rendered":"\t\t<div data-elementor-type=\"wp-page\" data-elementor-id=\"7\" class=\"elementor elementor-7\">\n\t\t\t\t\t\t<section class=\"elementor-section elementor-top-section elementor-element elementor-element-f58ec5e elementor-section-full_width elementor-section-content-middle elementor-section-height-default elementor-section-height-default\" data-id=\"f58ec5e\" data-element_type=\"section\" data-e-type=\"section\">\n\t\t\t\t\t\t<div class=\"elementor-container elementor-column-gap-default\">\n\t\t\t\t\t<div class=\"elementor-column elementor-col-50 elementor-top-column elementor-element elementor-element-5895b2a\" data-id=\"5895b2a\" data-element_type=\"column\" data-e-type=\"column\">\n\t\t\t<div class=\"elementor-widget-wrap elementor-element-populated\">\n\t\t\t\t\t\t<div class=\"elementor-element elementor-element-d618023 elementor-view-default elementor-position-block-start elementor-mobile-position-block-start elementor-widget elementor-widget-icon-box\" data-id=\"d618023\" data-element_type=\"widget\" data-e-type=\"widget\" data-widget_type=\"icon-box.default\">\n\t\t\t\t<div class=\"elementor-widget-container\">\n\t\t\t\t\t\t\t<div class=\"elementor-icon-box-wrapper\">\n\n\t\t\t\t\t\t<div class=\"elementor-icon-box-icon\">\n\t\t\t\t<span  class=\"elementor-icon\">\n\t\t\t\t<i aria-hidden=\"true\" class=\"fas fa-home\"><\/i>\t\t\t\t<\/span>\n\t\t\t<\/div>\n\t\t\t\n\t\t\t\t\t\t<div class=\"elementor-icon-box-content\">\n\n\t\t\t\t\t\t\t\t\t<h3 class=\"elementor-icon-box-title\">\n\t\t\t\t\t\t<span  >\n\t\t\t\t\t\t\tAdresa\t\t\t\t\t\t<\/span>\n\t\t\t\t\t<\/h3>\n\t\t\t\t\n\t\t\t\t\t\t\t\t\t<p class=\"elementor-icon-box-description\">\n\t\t\t\t\t\tFu\u010d\u00edkova 373<br>Giraltovce<br>087 01<br>SLOVAKIA\t\t\t\t\t<\/p>\n\t\t\t\t\n\t\t\t<\/div>\n\t\t\t\n\t\t<\/div>\n\t\t\t\t\t\t<\/div>\n\t\t\t\t<\/div>\n\t\t\t\t\t<\/div>\n\t\t<\/div>\n\t\t\t\t<div class=\"elementor-column elementor-col-50 elementor-top-column elementor-element elementor-element-43bc41d\" data-id=\"43bc41d\" data-element_type=\"column\" data-e-type=\"column\">\n\t\t\t<div class=\"elementor-widget-wrap elementor-element-populated\">\n\t\t\t\t\t\t<div class=\"elementor-element elementor-element-ea78754 elementor-widget elementor-widget-google_maps\" data-id=\"ea78754\" data-element_type=\"widget\" data-e-type=\"widget\" data-widget_type=\"google_maps.default\">\n\t\t\t\t<div class=\"elementor-widget-container\">\n\t\t\t\t\t\t\t<div class=\"elementor-custom-embed\">\n\t\t\t<iframe loading=\"lazy\"\n\t\t\t\t\tsrc=\"https:\/\/maps.google.com\/maps?q=Giraltovce%2C%20fu%C4%8D%C3%ADkova%20373&#038;t=m&#038;z=10&#038;output=embed&#038;iwloc=near\"\n\t\t\t\t\ttitle=\"Giraltovce, fu\u010d\u00edkova 373\"\n\t\t\t\t\taria-label=\"Giraltovce, fu\u010d\u00edkova 373\"\n\t\t\t><\/iframe>\n\t\t<\/div>\n\t\t\t\t\t\t<\/div>\n\t\t\t\t<\/div>\n\t\t\t\t\t<\/div>\n\t\t<\/div>\n\t\t\t\t\t<\/div>\n\t\t<\/section>\n\t\t\t\t<section class=\"elementor-section elementor-top-section elementor-element elementor-element-ff78082 elementor-section-boxed elementor-section-height-default elementor-section-height-default\" data-id=\"ff78082\" data-element_type=\"section\" data-e-type=\"section\">\n\t\t\t\t\t\t<div class=\"elementor-container elementor-column-gap-default\">\n\t\t\t\t\t<div class=\"elementor-column elementor-col-100 elementor-top-column elementor-element elementor-element-76f1c36\" data-id=\"76f1c36\" data-element_type=\"column\" data-e-type=\"column\">\n\t\t\t<div class=\"elementor-widget-wrap elementor-element-populated\">\n\t\t\t\t\t\t<div class=\"elementor-element elementor-element-23e2504 elementor-widget__width-initial elementor-view-default elementor-position-block-start elementor-mobile-position-block-start elementor-widget elementor-widget-icon-box\" data-id=\"23e2504\" data-element_type=\"widget\" data-e-type=\"widget\" data-widget_type=\"icon-box.default\">\n\t\t\t\t<div class=\"elementor-widget-container\">\n\t\t\t\t\t\t\t<div class=\"elementor-icon-box-wrapper\">\n\n\t\t\t\t\t\t<div class=\"elementor-icon-box-icon\">\n\t\t\t\t<span  class=\"elementor-icon\">\n\t\t\t\t<i aria-hidden=\"true\" class=\"far fa-user\"><\/i>\t\t\t\t<\/span>\n\t\t\t<\/div>\n\t\t\t\n\t\t\t\t\t\t<div class=\"elementor-icon-box-content\">\n\n\t\t\t\t\t\t\t\t\t<h3 class=\"elementor-icon-box-title\">\n\t\t\t\t\t\t<span  >\n\t\t\t\t\t\t\t<b>Martin Kusek<\/b>\t\t\t\t\t\t<\/span>\n\t\t\t\t\t<\/h3>\n\t\t\t\t\n\t\t\t\t\t\t\t\t\t<p class=\"elementor-icon-box-description\">\n\t\t\t\t\t\t+421 948 785 464<br>\t\t\t\t\t<\/p>\n\t\t\t\t\n\t\t\t<\/div>\n\t\t\t\n\t\t<\/div>\n\t\t\t\t\t\t<\/div>\n\t\t\t\t<\/div>\n\t\t\t\t<div class=\"elementor-element elementor-element-e6dd50e elementor-widget__width-initial elementor-view-default elementor-position-block-start elementor-mobile-position-block-start elementor-widget elementor-widget-icon-box\" data-id=\"e6dd50e\" data-element_type=\"widget\" data-e-type=\"widget\" data-widget_type=\"icon-box.default\">\n\t\t\t\t<div class=\"elementor-widget-container\">\n\t\t\t\t\t\t\t<div class=\"elementor-icon-box-wrapper\">\n\n\t\t\t\t\t\t<div class=\"elementor-icon-box-icon\">\n\t\t\t\t<span  class=\"elementor-icon\">\n\t\t\t\t<i aria-hidden=\"true\" class=\"fas fa-praying-hands\"><\/i>\t\t\t\t<\/span>\n\t\t\t<\/div>\n\t\t\t\n\t\t\t\t\t\t<div class=\"elementor-icon-box-content\">\n\n\t\t\t\t\t\t\t\t\t<h3 class=\"elementor-icon-box-title\">\n\t\t\t\t\t\t<span  >\n\t\t\t\t\t\t\tStretnutia\t\t\t\t\t\t<\/span>\n\t\t\t\t\t<\/h3>\n\t\t\t\t\n\t\t\t\t\t\t\t\t\t<p class=\"elementor-icon-box-description\">\n\t\t\t\t\t\t<b>STREDA<\/b><br>18:00 - 19:00 Modlitby, 19:00 - 20:00 K\u00e1ze\u0148<br><br><span style=\"letter-spacing: 0.7px\"><b>PIATOK<\/b><\/span><br><span style=\"letter-spacing: 0.7px\">18:00 - 19:00 Modlitby, <\/span><span style=\"letter-spacing: 0.7px\">19:00 - 20:00 K\u00e1ze\u0148<\/span><br><br><b>NEDE\u013dA<\/b><br><span style=\"letter-spacing: 0.7px\">09:45 - 10:45 Modlitby, <\/span><span style=\"letter-spacing: 0.7px\">10:45 - 12:00 K\u00e1ze\u0148<\/span><br style=\"letter-spacing: 0.7px\">\t\t\t\t\t<\/p>\n\t\t\t\t\n\t\t\t<\/div>\n\t\t\t\n\t\t<\/div>\n\t\t\t\t\t\t<\/div>\n\t\t\t\t<\/div>\n\t\t\t\t<div class=\"elementor-element elementor-element-90f7171 elementor-widget__width-initial elementor-view-default elementor-position-block-start elementor-mobile-position-block-start elementor-widget elementor-widget-icon-box\" data-id=\"90f7171\" data-element_type=\"widget\" data-e-type=\"widget\" data-widget_type=\"icon-box.default\">\n\t\t\t\t<div class=\"elementor-widget-container\">\n\t\t\t\t\t\t\t<div class=\"elementor-icon-box-wrapper\">\n\n\t\t\t\t\t\t<div class=\"elementor-icon-box-icon\">\n\t\t\t\t<span  class=\"elementor-icon\">\n\t\t\t\t<i aria-hidden=\"true\" class=\"far fa-user\"><\/i>\t\t\t\t<\/span>\n\t\t\t<\/div>\n\t\t\t\n\t\t\t\t\t\t<div class=\"elementor-icon-box-content\">\n\n\t\t\t\t\t\t\t\t\t<h3 class=\"elementor-icon-box-title\">\n\t\t\t\t\t\t<span  >\n\t\t\t\t\t\t\t<b>Martin Pa\u013ea<\/b>\t\t\t\t\t\t<\/span>\n\t\t\t\t\t<\/h3>\n\t\t\t\t\n\t\t\t\t\t\t\t\t\t<p class=\"elementor-icon-box-description\">\n\t\t\t\t\t\t+421 911 944 389<br>m.pala236@gmail.com\t\t\t\t\t<\/p>\n\t\t\t\t\n\t\t\t<\/div>\n\t\t\t\n\t\t<\/div>\n\t\t\t\t\t\t<\/div>\n\t\t\t\t<\/div>\n\t\t\t\t\t<\/div>\n\t\t<\/div>\n\t\t\t\t\t<\/div>\n\t\t<\/section>\n\t\t\t\t<\/div>\n\t\t","protected":false},"excerpt":{"rendered":"<p>Adresa Fu\u010d\u00edkova 373Giraltovce087 01SLOVAKIA Martin Kusek +421 948 785 464 Stretnutia STREDA18:00 &#8211; 19:00 Modlitby, 19:00 &#8211; 20:00 K\u00e1ze\u0148 PIATOK18:00 &#8211; 19:00 Modlitby, 19:00 &#8211; 20:00 K\u00e1ze\u0148 NEDE\u013dA09:45 &#8211; 10:45 Modlitby, 10:45 &#8211; 12:00 K\u00e1ze\u0148 Martin Pa\u013ea +421 911 944 389m.pala236@gmail.com<\/p>\n","protected":false},"author":1,"featured_media":0,"parent":0,"menu_order":0,"comment_status":"closed","ping_status":"closed","template":"","meta":{"_monsterinsights_skip_tracking":false,"_monsterinsights_sitenote_active":false,"_monsterinsights_sitenote_note":"","_monsterinsights_sitenote_category":0,"footnotes":""},"class_list":["post-7","page","type-page","status-publish","hentry"],"yoast_head":"<!-- This site is optimized with the Yoast SEO plugin v27.4 - https:\/\/yoast.com\/product\/yoast-seo-wordpress\/ -->\n<title>Kontakty - Bo\u017eie Slovo<\/title>\n<meta name=\"robots\" content=\"index, follow, max-snippet:-1, max-image-preview:large, max-video-preview:-1\" \/>\n<link rel=\"canonical\" href=\"https:\/\/www.bozieslovo.eu\/?page_id=7\" \/>\n<meta property=\"og:locale\" content=\"sk_SK\" \/>\n<meta property=\"og:type\" content=\"article\" \/>\n<meta property=\"og:title\" content=\"Kontakty - Bo\u017eie Slovo\" \/>\n<meta property=\"og:description\" content=\"Adresa Fu\u010d\u00edkova 373Giraltovce087 01SLOVAKIA Martin Kusek +421 948 785 464 Stretnutia STREDA18:00 &#8211; 19:00 Modlitby, 19:00 &#8211; 20:00 K\u00e1ze\u0148 PIATOK18:00 &#8211; 19:00 Modlitby, 19:00 &#8211; 20:00 K\u00e1ze\u0148 NEDE\u013dA09:45 &#8211; 10:45 Modlitby, 10:45 &#8211; 12:00 K\u00e1ze\u0148 Martin Pa\u013ea +421 911 944 389m.pala236@gmail.com\" \/>\n<meta property=\"og:url\" content=\"https:\/\/www.bozieslovo.eu\/?page_id=7\" \/>\n<meta property=\"og:site_name\" content=\"Bo\u017eie Slovo\" \/>\n<meta property=\"article:modified_time\" content=\"2026-02-02T19:08:32+00:00\" \/>\n<meta name=\"twitter:card\" content=\"summary_large_image\" \/>\n<script type=\"application\/ld+json\" class=\"yoast-schema-graph\">{\"@context\":\"https:\\\/\\\/schema.org\",\"@graph\":[{\"@type\":\"WebPage\",\"@id\":\"https:\\\/\\\/www.bozieslovo.eu\\\/?page_id=7\",\"url\":\"https:\\\/\\\/www.bozieslovo.eu\\\/?page_id=7\",\"name\":\"Kontakty - Bo\u017eie Slovo\",\"isPartOf\":{\"@id\":\"https:\\\/\\\/www.bozieslovo.eu\\\/#website\"},\"datePublished\":\"2019-11-20T14:53:02+00:00\",\"dateModified\":\"2026-02-02T19:08:32+00:00\",\"breadcrumb\":{\"@id\":\"https:\\\/\\\/www.bozieslovo.eu\\\/?page_id=7#breadcrumb\"},\"inLanguage\":\"sk-SK\",\"potentialAction\":[{\"@type\":\"ReadAction\",\"target\":[\"https:\\\/\\\/www.bozieslovo.eu\\\/?page_id=7\"]}]},{\"@type\":\"BreadcrumbList\",\"@id\":\"https:\\\/\\\/www.bozieslovo.eu\\\/?page_id=7#breadcrumb\",\"itemListElement\":[{\"@type\":\"ListItem\",\"position\":1,\"name\":\"Home\",\"item\":\"https:\\\/\\\/www.bozieslovo.eu\\\/\"},{\"@type\":\"ListItem\",\"position\":2,\"name\":\"Kontakty\"}]},{\"@type\":\"WebSite\",\"@id\":\"https:\\\/\\\/www.bozieslovo.eu\\\/#website\",\"url\":\"https:\\\/\\\/www.bozieslovo.eu\\\/\",\"name\":\"Bo\u017eie Slovo\",\"description\":\"V\u0161eobecn\u00e1 apo\u0161tolsk\u00e1 cirkev\",\"publisher\":{\"@id\":\"https:\\\/\\\/www.bozieslovo.eu\\\/#organization\"},\"potentialAction\":[{\"@type\":\"SearchAction\",\"target\":{\"@type\":\"EntryPoint\",\"urlTemplate\":\"https:\\\/\\\/www.bozieslovo.eu\\\/?s={search_term_string}\"},\"query-input\":{\"@type\":\"PropertyValueSpecification\",\"valueRequired\":true,\"valueName\":\"search_term_string\"}}],\"inLanguage\":\"sk-SK\"},{\"@type\":\"Organization\",\"@id\":\"https:\\\/\\\/www.bozieslovo.eu\\\/#organization\",\"name\":\"Bo\u017eie Slovo\",\"url\":\"https:\\\/\\\/www.bozieslovo.eu\\\/\",\"logo\":{\"@type\":\"ImageObject\",\"inLanguage\":\"sk-SK\",\"@id\":\"https:\\\/\\\/www.bozieslovo.eu\\\/#\\\/schema\\\/logo\\\/image\\\/\",\"url\":\"https:\\\/\\\/www.bozieslovo.eu\\\/wp-content\\\/uploads\\\/2025\\\/03\\\/cropped-bo\u017eie-slovo-1.png\",\"contentUrl\":\"https:\\\/\\\/www.bozieslovo.eu\\\/wp-content\\\/uploads\\\/2025\\\/03\\\/cropped-bo\u017eie-slovo-1.png\",\"width\":250,\"height\":258,\"caption\":\"Bo\u017eie Slovo\"},\"image\":{\"@id\":\"https:\\\/\\\/www.bozieslovo.eu\\\/#\\\/schema\\\/logo\\\/image\\\/\"}}]}<\/script>\n<!-- \/ Yoast SEO plugin. -->","yoast_head_json":{"title":"Kontakty - Bo\u017eie Slovo","robots":{"index":"index","follow":"follow","max-snippet":"max-snippet:-1","max-image-preview":"max-image-preview:large","max-video-preview":"max-video-preview:-1"},"canonical":"https:\/\/www.bozieslovo.eu\/?page_id=7","og_locale":"sk_SK","og_type":"article","og_title":"Kontakty - Bo\u017eie Slovo","og_description":"Adresa Fu\u010d\u00edkova 373Giraltovce087 01SLOVAKIA Martin Kusek +421 948 785 464 Stretnutia STREDA18:00 &#8211; 19:00 Modlitby, 19:00 &#8211; 20:00 K\u00e1ze\u0148 PIATOK18:00 &#8211; 19:00 Modlitby, 19:00 &#8211; 20:00 K\u00e1ze\u0148 NEDE\u013dA09:45 &#8211; 10:45 Modlitby, 10:45 &#8211; 12:00 K\u00e1ze\u0148 Martin Pa\u013ea +421 911 944 389m.pala236@gmail.com","og_url":"https:\/\/www.bozieslovo.eu\/?page_id=7","og_site_name":"Bo\u017eie Slovo","article_modified_time":"2026-02-02T19:08:32+00:00","twitter_card":"summary_large_image","schema":{"@context":"https:\/\/schema.org","@graph":[{"@type":"WebPage","@id":"https:\/\/www.bozieslovo.eu\/?page_id=7","url":"https:\/\/www.bozieslovo.eu\/?page_id=7","name":"Kontakty - Bo\u017eie Slovo","isPartOf":{"@id":"https:\/\/www.bozieslovo.eu\/#website"},"datePublished":"2019-11-20T14:53:02+00:00","dateModified":"2026-02-02T19:08:32+00:00","breadcrumb":{"@id":"https:\/\/www.bozieslovo.eu\/?page_id=7#breadcrumb"},"inLanguage":"sk-SK","potentialAction":[{"@type":"ReadAction","target":["https:\/\/www.bozieslovo.eu\/?page_id=7"]}]},{"@type":"BreadcrumbList","@id":"https:\/\/www.bozieslovo.eu\/?page_id=7#breadcrumb","itemListElement":[{"@type":"ListItem","position":1,"name":"Home","item":"https:\/\/www.bozieslovo.eu\/"},{"@type":"ListItem","position":2,"name":"Kontakty"}]},{"@type":"WebSite","@id":"https:\/\/www.bozieslovo.eu\/#website","url":"https:\/\/www.bozieslovo.eu\/","name":"Bo\u017eie Slovo","description":"V\u0161eobecn\u00e1 apo\u0161tolsk\u00e1 cirkev","publisher":{"@id":"https:\/\/www.bozieslovo.eu\/#organization"},"potentialAction":[{"@type":"SearchAction","target":{"@type":"EntryPoint","urlTemplate":"https:\/\/www.bozieslovo.eu\/?s={search_term_string}"},"query-input":{"@type":"PropertyValueSpecification","valueRequired":true,"valueName":"search_term_string"}}],"inLanguage":"sk-SK"},{"@type":"Organization","@id":"https:\/\/www.bozieslovo.eu\/#organization","name":"Bo\u017eie Slovo","url":"https:\/\/www.bozieslovo.eu\/","logo":{"@type":"ImageObject","inLanguage":"sk-SK","@id":"https:\/\/www.bozieslovo.eu\/#\/schema\/logo\/image\/","url":"https:\/\/www.bozieslovo.eu\/wp-content\/uploads\/2025\/03\/cropped-bo\u017eie-slovo-1.png","contentUrl":"https:\/\/www.bozieslovo.eu\/wp-content\/uploads\/2025\/03\/cropped-bo\u017eie-slovo-1.png","width":250,"height":258,"caption":"Bo\u017eie Slovo"},"image":{"@id":"https:\/\/www.bozieslovo.eu\/#\/schema\/logo\/image\/"}}]}},"_links":{"self":[{"href":"https:\/\/www.bozieslovo.eu\/index.php?rest_route=\/wp\/v2\/pages\/7","targetHints":{"allow":["GET"]}}],"collection":[{"href":"https:\/\/www.bozieslovo.eu\/index.php?rest_route=\/wp\/v2\/pages"}],"about":[{"href":"https:\/\/www.bozieslovo.eu\/index.php?rest_route=\/wp\/v2\/types\/page"}],"author":[{"embeddable":true,"href":"https:\/\/www.bozieslovo.eu\/index.php?rest_route=\/wp\/v2\/users\/1"}],"replies":[{"embeddable":true,"href":"https:\/\/www.bozieslovo.eu\/index.php?rest_route=%2Fwp%2Fv2%2Fcomments&post=7"}],"version-history":[{"count":6,"href":"https:\/\/www.bozieslovo.eu\/index.php?rest_route=\/wp\/v2\/pages\/7\/revisions"}],"predecessor-version":[{"id":2406,"href":"https:\/\/www.bozieslovo.eu\/index.php?rest_route=\/wp\/v2\/pages\/7\/revisions\/2406"}],"wp:attachment":[{"href":"https:\/\/www.bozieslovo.eu\/index.php?rest_route=%2Fwp%2Fv2%2Fmedia&parent=7"}],"curies":[{"name":"wp","href":"https:\/\/api.w.org\/{rel}","templated":true}]}}